{"id":11,"date":"2026-03-13T09:02:03","date_gmt":"2026-03-13T09:02:03","guid":{"rendered":"http:\/\/localhost:8088\/?page_id=11"},"modified":"2026-04-20T08:04:58","modified_gmt":"2026-04-20T08:04:58","slug":"elementor-11","status":"publish","type":"page","link":"https:\/\/twojpreview.pl\/","title":{"rendered":"Strona Glowna"},"content":{"rendered":"\t\t<div data-elementor-type=\"wp-page\" data-elementor-id=\"11\" class=\"elementor elementor-11\">\n\t\t\t\t<div class=\"elementor-element elementor-element-4bd5bb5 e-con-full e-flex e-con e-parent\" data-id=\"4bd5bb5\" data-element_type=\"container\" data-e-type=\"container\" data-settings=\"{&quot;background_background&quot;:&quot;classic&quot;}\">\n\t\t\t\t<div class=\"elementor-element elementor-element-9ff0742 elementor-widget elementor-widget-button\" data-id=\"9ff0742\" data-element_type=\"widget\" data-e-type=\"widget\" data-widget_type=\"button.default\">\n\t\t\t\t\t\t\t\t\t\t<a class=\"elementor-button elementor-button-link elementor-size-sm\" href=\"#\">\n\t\t\t\t\t\t<span class=\"elementor-button-content-wrapper\">\n\t\t\t\t\t\t\t\t\t<span class=\"elementor-button-text\">Zobacz ofert\u0119<\/span>\n\t\t\t\t\t<\/span>\n\t\t\t\t\t<\/a>\n\t\t\t\t\t\t\t\t<\/div>\n\t\t\t\t<div class=\"elementor-element elementor-element-5d722ed elementor-widget elementor-widget-heading\" data-id=\"5d722ed\" data-element_type=\"widget\" data-e-type=\"widget\" data-widget_type=\"heading.default\">\n\t\t\t\t\t<p class=\"elementor-heading-title elementor-size-default\">Odzysk ciep\u0142a to nasza domena \u2014 wspieramy przemys\u0142 w obni\u017caniu koszt\u00f3w i emisji CO\u2082<\/p>\t\t\t\t<\/div>\n\t\t\t\t<div class=\"elementor-element elementor-element-7acb3fd elementor-widget elementor-widget-heading\" data-id=\"7acb3fd\" data-element_type=\"widget\" data-e-type=\"widget\" data-widget_type=\"heading.default\">\n\t\t\t\t\t<h1 class=\"elementor-heading-title elementor-size-default\">Efektywny odzysk ciep\u0142a dla przemys\u0142u i energetyki<\/h1>\t\t\t\t<\/div>\n\t\t\t\t<div class=\"elementor-element elementor-element-f48cb8c elementor-widget elementor-widget-heading\" data-id=\"f48cb8c\" data-element_type=\"widget\" data-e-type=\"widget\" data-widget_type=\"heading.default\">\n\t\t\t\t\t<div class=\"elementor-heading-title elementor-size-default\">Innowacyjne technologie dla Ochrony \u015arodowiska<\/div>\t\t\t\t<\/div>\n\t\t\t\t<\/div>\n\t\t<div class=\"elementor-element elementor-element-f21cc1e e-flex e-con-boxed e-con e-parent\" data-id=\"f21cc1e\" data-element_type=\"container\" data-e-type=\"container\">\n\t\t\t\t\t<div class=\"e-con-inner\">\n\t\t<div class=\"elementor-element elementor-element-8242804 e-con-full e-flex e-con e-child\" data-id=\"8242804\" data-element_type=\"container\" data-e-type=\"container\">\n\t\t\t\t<div class=\"elementor-element elementor-element-5e1e5f7 elementor-widget elementor-widget-image\" data-id=\"5e1e5f7\" data-element_type=\"widget\" data-e-type=\"widget\" data-widget_type=\"image.default\">\n\t\t\t\t\t\t\t\t\t\t\t\t\t\t\t<img fetchpriority=\"high\" decoding=\"async\" width=\"869\" height=\"1024\" src=\"https:\/\/twojpreview.pl\/wp-content\/uploads\/2026\/03\/businessmen-hands-white-table-with-documents-drafts_176420-343-1-e1744314229228-869x1024.jpg\" class=\"attachment-large size-large wp-image-37\" alt=\"Odzysk Ciep\u0142a Modernizacje i przebudowy zak\u0142ad\u00f3w przemys\u0142owych\" srcset=\"https:\/\/twojpreview.pl\/wp-content\/uploads\/2026\/03\/businessmen-hands-white-table-with-documents-drafts_176420-343-1-e1744314229228-869x1024.jpg 869w, https:\/\/twojpreview.pl\/wp-content\/uploads\/2026\/03\/businessmen-hands-white-table-with-documents-drafts_176420-343-1-e1744314229228-255x300.jpg 255w, https:\/\/twojpreview.pl\/wp-content\/uploads\/2026\/03\/businessmen-hands-white-table-with-documents-drafts_176420-343-1-e1744314229228-768x905.jpg 768w, https:\/\/twojpreview.pl\/wp-content\/uploads\/2026\/03\/businessmen-hands-white-table-with-documents-drafts_176420-343-1-e1744314229228-1304x1536.jpg 1304w, https:\/\/twojpreview.pl\/wp-content\/uploads\/2026\/03\/businessmen-hands-white-table-with-documents-drafts_176420-343-1-e1744314229228.jpg 1333w\" sizes=\"(max-width: 869px) 100vw, 869px\" \/>\t\t\t\t\t\t\t\t\t\t\t\t\t\t\t<\/div>\n\t\t\t\t<\/div>\n\t\t<div class=\"elementor-element elementor-element-65e2fe2 e-con-full e-flex e-con e-child\" data-id=\"65e2fe2\" data-element_type=\"container\" data-e-type=\"container\">\n\t\t\t\t<div class=\"elementor-element elementor-element-6319dc6 elementor-widget elementor-widget-heading\" data-id=\"6319dc6\" data-element_type=\"widget\" data-e-type=\"widget\" data-widget_type=\"heading.default\">\n\t\t\t\t\t<span class=\"elementor-heading-title elementor-size-default\">O firmie<\/span>\t\t\t\t<\/div>\n\t\t\t\t<div class=\"elementor-element elementor-element-272d006 elementor-widget elementor-widget-heading\" data-id=\"272d006\" data-element_type=\"widget\" data-e-type=\"widget\" data-widget_type=\"heading.default\">\n\t\t\t\t\t<h2 class=\"elementor-heading-title elementor-size-default\">OMEGA EKOTECH \u2013 lider w odzysku ciep\u0142a<\/h2>\t\t\t\t<\/div>\n\t\t\t\t<div class=\"elementor-element elementor-element-76c7726 elementor-widget elementor-widget-text-editor\" data-id=\"76c7726\" data-element_type=\"widget\" data-e-type=\"widget\" data-widget_type=\"text-editor.default\">\n\t\t\t\t\t\t\t\t\t<p>Omega Ekotech to dynamicznie rozwijaj\u0105ca si\u0119 firma specjalizuj\u0105ca si\u0119 w monta\u017cu konstrukcji stalowych, instalacji przemys\u0142owych oraz urz\u0105dze\u0144 dla r\u00f3\u017cnych sektor\u00f3w gospodarki. Nasza dzia\u0142alno\u015b\u0107 obejmuje kompleksow\u0105 realizacj\u0119 projekt\u00f3w \u2013 od koncepcji, przez produkcj\u0119, po monta\u017c i serwis.<\/p><p>Na czele firmy stoi Grzegorz Borycki, prezes i za\u0142o\u017cyciel Omega Eko-tech, kt\u00f3ry posiada ponad 20 lat do\u015bwiadczenia w bran\u017cy budowlanej i przemys\u0142owej. Jego wiedza, umiej\u0119tno\u015bci oraz strategiczne podej\u015bcie do zarz\u0105dzania sprawiaj\u0105, \u017ce firma nieustannie si\u0119 rozwija, realizuj\u0105c zar\u00f3wno krajowe, jak i mi\u0119dzynarodowe projekty.<\/p>\t\t\t\t\t\t\t\t<\/div>\n\t\t\t\t<div class=\"elementor-element elementor-element-70d1264 elementor-widget elementor-widget-button\" data-id=\"70d1264\" data-element_type=\"widget\" data-e-type=\"widget\" data-widget_type=\"button.default\">\n\t\t\t\t\t\t\t\t\t\t<a class=\"elementor-button elementor-button-link elementor-size-sm\" href=\"#\">\n\t\t\t\t\t\t<span class=\"elementor-button-content-wrapper\">\n\t\t\t\t\t\t\t\t\t<span class=\"elementor-button-text\">Wi\u0119cej<\/span>\n\t\t\t\t\t<\/span>\n\t\t\t\t\t<\/a>\n\t\t\t\t\t\t\t\t<\/div>\n\t\t\t\t<\/div>\n\t\t\t\t\t<\/div>\n\t\t\t\t<\/div>\n\t\t\t\t<\/div>\n\t\t","protected":false},"excerpt":{"rendered":"<p>Zobacz ofert\u0119 Odzysk ciep\u0142a to nasza domena \u2014 wspieramy przemys\u0142 w obni\u017caniu koszt\u00f3w i emisji CO\u2082 Efektywny odzysk ciep\u0142a dla [&hellip;]<\/p>\n","protected":false},"author":1,"featured_media":0,"parent":0,"menu_order":0,"comment_status":"closed","ping_status":"closed","template":"elementor_header_footer","meta":{"site-sidebar-layout":"default","site-content-layout":"","ast-site-content-layout":"full-width-container","site-content-style":"default","site-sidebar-style":"default","ast-global-header-display":"","ast-banner-title-visibility":"","ast-main-header-display":"","ast-hfb-above-header-display":"","ast-hfb-below-header-display":"","ast-hfb-mobile-header-display":"","site-post-title":"","ast-breadcrumbs-content":"","ast-featured-img":"","footer-sml-layout":"","ast-disable-related-posts":"","theme-transparent-header-meta":"","adv-header-id-meta":"","stick-header-meta":"","header-above-stick-meta":"","header-main-stick-meta":"","header-below-stick-meta":"","astra-migrate-meta-layouts":"default","ast-page-background-enabled":"default","ast-page-background-meta":{"desktop":{"background-color":"var(--ast-global-color-5)","background-image":"","background-repeat":"repeat","background-position":"center center","background-size":"auto","background-attachment":"scroll","background-type":"","background-media":"","overlay-type":"","overlay-color":"","overlay-opacity":"","overlay-gradient":""},"tablet":{"background-color":"","background-image":"","background-repeat":"repeat","background-position":"center center","background-size":"auto","background-attachment":"scroll","background-type":"","background-media":"","overlay-type":"","overlay-color":"","overlay-opacity":"","overlay-gradient":""},"mobile":{"background-color":"","background-image":"","background-repeat":"repeat","background-position":"center center","background-size":"auto","background-attachment":"scroll","background-type":"","background-media":"","overlay-type":"","overlay-color":"","overlay-opacity":"","overlay-gradient":""}},"ast-content-background-meta":{"desktop":{"background-color":"var(--ast-global-color-4)","background-image":"","background-repeat":"repeat","background-position":"center center","background-size":"auto","background-attachment":"scroll","background-type":"","background-media":"","overlay-type":"","overlay-color":"","overlay-opacity":"","overlay-gradient":""},"tablet":{"background-color":"var(--ast-global-color-4)","background-image":"","background-repeat":"repeat","background-position":"center center","background-size":"auto","background-attachment":"scroll","background-type":"","background-media":"","overlay-type":"","overlay-color":"","overlay-opacity":"","overlay-gradient":""},"mobile":{"background-color":"var(--ast-global-color-4)","background-image":"","background-repeat":"repeat","background-position":"center center","background-size":"auto","background-attachment":"scroll","background-type":"","background-media":"","overlay-type":"","overlay-color":"","overlay-opacity":"","overlay-gradient":""}},"footnotes":""},"class_list":["post-11","page","type-page","status-publish","hentry"],"_links":{"self":[{"href":"https:\/\/twojpreview.pl\/index.php?rest_route=\/wp\/v2\/pages\/11","targetHints":{"allow":["GET"]}}],"collection":[{"href":"https:\/\/twojpreview.pl\/index.php?rest_route=\/wp\/v2\/pages"}],"about":[{"href":"https:\/\/twojpreview.pl\/index.php?rest_route=\/wp\/v2\/types\/page"}],"author":[{"embeddable":true,"href":"https:\/\/twojpreview.pl\/index.php?rest_route=\/wp\/v2\/users\/1"}],"replies":[{"embeddable":true,"href":"https:\/\/twojpreview.pl\/index.php?rest_route=%2Fwp%2Fv2%2Fcomments&post=11"}],"version-history":[{"count":26,"href":"https:\/\/twojpreview.pl\/index.php?rest_route=\/wp\/v2\/pages\/11\/revisions"}],"predecessor-version":[{"id":382,"href":"https:\/\/twojpreview.pl\/index.php?rest_route=\/wp\/v2\/pages\/11\/revisions\/382"}],"wp:attachment":[{"href":"https:\/\/twojpreview.pl\/index.php?rest_route=%2Fwp%2Fv2%2Fmedia&parent=11"}],"curies":[{"name":"wp","href":"https:\/\/api.w.org\/{rel}","templated":true}]}}