{"id":112,"date":"2026-04-01T21:22:19","date_gmt":"2026-04-01T21:22:19","guid":{"rendered":"http:\/\/localhost:8088\/?page_id=112"},"modified":"2026-04-17T22:58:51","modified_gmt":"2026-04-17T22:58:51","slug":"dystrybucja-systemow-balustradowych","status":"publish","type":"page","link":"https:\/\/twojpreview.pl\/?page_id=112","title":{"rendered":"Dystrybucja System\u00f3w Balustradowych"},"content":{"rendered":"\t\t<div data-elementor-type=\"wp-page\" data-elementor-id=\"112\" class=\"elementor elementor-112\">\n\t\t\t\t<div class=\"elementor-element elementor-element-ee78228 e-flex e-con-boxed e-con e-parent\" data-id=\"ee78228\" data-element_type=\"container\" data-e-type=\"container\">\n\t\t\t\t\t<div class=\"e-con-inner\">\n\t\t\t\t<div class=\"elementor-element elementor-element-b23d8be elementor-widget elementor-widget-spacer\" data-id=\"b23d8be\" data-element_type=\"widget\" data-e-type=\"widget\" data-widget_type=\"spacer.default\">\n\t\t\t\t\t\t\t<div class=\"elementor-spacer\">\n\t\t\t<div class=\"elementor-spacer-inner\"><\/div>\n\t\t<\/div>\n\t\t\t\t\t\t<\/div>\n\t\t\t\t<div class=\"elementor-element elementor-element-7f5a363 elementor-widget elementor-widget-heading\" data-id=\"7f5a363\" data-element_type=\"widget\" data-e-type=\"widget\" data-widget_type=\"heading.default\">\n\t\t\t\t\t<span class=\"elementor-heading-title elementor-size-default\">Us\u0142uga<\/span>\t\t\t\t<\/div>\n\t\t\t\t<div class=\"elementor-element elementor-element-3f02335 elementor-widget elementor-widget-heading\" data-id=\"3f02335\" data-element_type=\"widget\" data-e-type=\"widget\" data-widget_type=\"heading.default\">\n\t\t\t\t\t<h1 class=\"elementor-heading-title elementor-size-default\">DYSTRYBUCJA SYSTEM\u00d3W BALUSTRADOWYCH<\/h1>\t\t\t\t<\/div>\n\t\t\t\t\t<\/div>\n\t\t\t\t<\/div>\n\t\t<div class=\"elementor-element elementor-element-fabf21c e-flex e-con-boxed e-con e-parent\" data-id=\"fabf21c\" data-element_type=\"container\" data-e-type=\"container\">\n\t\t\t\t\t<div class=\"e-con-inner\">\n\t\t<div class=\"elementor-element elementor-element-a41563e e-con-full e-flex e-con e-child\" data-id=\"a41563e\" data-element_type=\"container\" data-e-type=\"container\">\n\t\t\t\t<div class=\"elementor-element elementor-element-c08e671 elementor-widget elementor-widget-heading\" data-id=\"c08e671\" data-element_type=\"widget\" data-e-type=\"widget\" data-widget_type=\"heading.default\">\n\t\t\t\t\t<h2 class=\"elementor-heading-title elementor-size-default\">Oferta w zakresie dystrybucji system\u00f3w balustradowych<\/h2>\t\t\t\t<\/div>\n\t\t\t\t<div class=\"elementor-element elementor-element-2d6c8e0 elementor-widget elementor-widget-text-editor\" data-id=\"2d6c8e0\" data-element_type=\"widget\" data-e-type=\"widget\" data-widget_type=\"text-editor.default\">\n\t\t\t\t\t\t\t\t\t<div class=\"description\">\n\nNasze balustrady \u0142\u0105cz\u0105 <strong>trwa\u0142o\u015b\u0107, funkcjonalno\u015b\u0107 i nowoczesny design<\/strong>. Oferujemy szeroki wyb\u00f3r system\u00f3w, kt\u00f3re mo\u017cna dostosowa\u0107 do ka\u017cdego projektu.\n\n<\/div>\t\t\t\t\t\t\t\t<\/div>\n\t\t\t\t<\/div>\n\t\t<div class=\"elementor-element elementor-element-eb3d196 e-con-full e-flex e-con e-child\" data-id=\"eb3d196\" data-element_type=\"container\" data-e-type=\"container\">\n\t\t\t\t<\/div>\n\t\t\t\t\t<\/div>\n\t\t\t\t<\/div>\n\t\t<div class=\"elementor-element elementor-element-e2e0061 e-flex e-con-boxed e-con e-parent\" data-id=\"e2e0061\" data-element_type=\"container\" data-e-type=\"container\">\n\t\t\t\t\t<div class=\"e-con-inner\">\n\t\t<div class=\"elementor-element elementor-element-595406c e-con-full e-flex e-con e-child\" data-id=\"595406c\" data-element_type=\"container\" data-e-type=\"container\">\n\t\t\t\t<div class=\"elementor-element elementor-element-25fcd27 elementor-widget elementor-widget-heading\" data-id=\"25fcd27\" data-element_type=\"widget\" data-e-type=\"widget\" data-widget_type=\"heading.default\">\n\t\t\t\t\t<h2 class=\"elementor-heading-title elementor-size-default\">Balustrady na schody<\/h2>\t\t\t\t<\/div>\n\t\t\t\t<div class=\"elementor-element elementor-element-d97fb8c elementor-widget elementor-widget-text-editor\" data-id=\"d97fb8c\" data-element_type=\"widget\" data-e-type=\"widget\" data-widget_type=\"text-editor.default\">\n\t\t\t\t\t\t\t\t\t<strong>\u2022 Balustrady aluminiowe ze szk\u0142em<\/strong> \u2013 idealne zar\u00f3wno do wn\u0119trz, jak i na zewn\u0105trz.\n<strong>\u2022 Barierki aluminiowe na schody<\/strong> \u2013 lekkie, odporne na korozj\u0119 i \u0142atwe w monta\u017cu.\n<strong>\u2022 Balustrady schodowe ze stali nierdzewnej<\/strong> \u2013 wytrzyma\u0142e i eleganckie rozwi\u0105zanie dla nowoczesnych wn\u0119trz.\n<strong>\u2022 Balustrady z kompozyt\u00f3w drewnopodobnych i z profili metalowych<\/strong> \u2013 dla os\u00f3b ceni\u0105cych klasyczny styl.\n<strong>\u2022 Balustrady z siatki i blachy perforowanej<\/strong> \u2013 nowoczesne rozwi\u0105zanie dla budynk\u00f3w przemys\u0142owych i komercyjnych.\t\t\t\t\t\t\t\t<\/div>\n\t\t\t\t<\/div>\n\t\t<div class=\"elementor-element elementor-element-470035f e-con-full e-flex e-con e-child\" data-id=\"470035f\" data-element_type=\"container\" data-e-type=\"container\">\n\t\t\t\t<div class=\"elementor-element elementor-element-6bfe026 elementor-widget elementor-widget-heading\" data-id=\"6bfe026\" data-element_type=\"widget\" data-e-type=\"widget\" data-widget_type=\"heading.default\">\n\t\t\t\t\t<h2 class=\"elementor-heading-title elementor-size-default\">Balustrady balkonowe i tarasowe<\/h2>\t\t\t\t<\/div>\n\t\t\t\t<div class=\"elementor-element elementor-element-be37ff4 elementor-widget elementor-widget-text-editor\" data-id=\"be37ff4\" data-element_type=\"widget\" data-e-type=\"widget\" data-widget_type=\"text-editor.default\">\n\t\t\t\t\t\t\t\t\t<strong>\u2022 Balustrady aluminiowe na balkon<\/strong> \u2013 lekkie, odporne na warunki atmosferyczne i \u0142atwe w utrzymaniu.\n<strong>\u2022 Balustrady szklane<\/strong> \u2013 nowoczesny wygl\u0105d i maksymalna przejrzysto\u015b\u0107.\n<strong>\u2022 Balustrady nierdzewne<\/strong> \u2013 eleganckie i trwa\u0142e rozwi\u0105zanie do dom\u00f3w i budynk\u00f3w u\u017cyteczno\u015bci publicznej.\n<strong>\u2022 Balustrady z elementami chromowanymi<\/strong> \u2013 stylowe po\u0142\u0105czenie nowoczesnego designu i wysokiej jako\u015bci materia\u0142\u00f3w.\t\t\t\t\t\t\t\t<\/div>\n\t\t\t\t<\/div>\n\t\t\t\t\t<\/div>\n\t\t\t\t<\/div>\n\t\t<div class=\"elementor-element elementor-element-41e251c e-flex e-con-boxed e-con e-parent\" data-id=\"41e251c\" data-element_type=\"container\" data-e-type=\"container\">\n\t\t\t\t\t<div class=\"e-con-inner\">\n\t\t\t\t<div class=\"elementor-element elementor-element-cd320b2 elementor-widget elementor-widget-heading\" data-id=\"cd320b2\" data-element_type=\"widget\" data-e-type=\"widget\" data-widget_type=\"heading.default\">\n\t\t\t\t\t<h2 class=\"elementor-heading-title elementor-size-default\">Profesjonalny monta\u017c balustrad<\/h2>\t\t\t\t<\/div>\n\t\t\t\t<div class=\"elementor-element elementor-element-049b391 elementor-widget elementor-widget-text-editor\" data-id=\"049b391\" data-element_type=\"widget\" data-e-type=\"widget\" data-widget_type=\"text-editor.default\">\n\t\t\t\t\t\t\t\t\t<div class=\"description\">\n\nOferujemy <strong>fachowy monta\u017c balustrad<\/strong> przez do\u015bwiadczonych specjalist\u00f3w. Gwarantujemy szybki i precyzyjny monta\u017c, dostosowany do konstrukcji budynku oraz Twoich oczekiwa\u0144.\n\n<\/div>\t\t\t\t\t\t\t\t<\/div>\n\t\t\t\t\t<\/div>\n\t\t\t\t<\/div>\n\t\t<div class=\"elementor-element elementor-element-e185da8 e-flex e-con-boxed e-con e-parent\" data-id=\"e185da8\" data-element_type=\"container\" data-e-type=\"container\">\n\t\t\t\t\t<div class=\"e-con-inner\">\n\t\t\t\t<div class=\"elementor-element elementor-element-71072d8 elementor-widget elementor-widget-image\" data-id=\"71072d8\" data-element_type=\"widget\" data-e-type=\"widget\" data-widget_type=\"image.default\">\n\t\t\t\t\t\t\t\t\t\t\t\t\t\t\t<img fetchpriority=\"high\" decoding=\"async\" width=\"1920\" height=\"553\" src=\"https:\/\/twojpreview.pl\/wp-content\/uploads\/2026\/04\/DYSTRYBUCJA-SYSTEMOW-BALUSTRADOWYCH-1-1.jpg\" class=\"attachment-full size-full wp-image-350\" alt=\"DYSTRYBUCJA SYSTEM\u00d3W BALUSTRADOWYCH\" srcset=\"https:\/\/twojpreview.pl\/wp-content\/uploads\/2026\/04\/DYSTRYBUCJA-SYSTEMOW-BALUSTRADOWYCH-1-1.jpg 1920w, https:\/\/twojpreview.pl\/wp-content\/uploads\/2026\/04\/DYSTRYBUCJA-SYSTEMOW-BALUSTRADOWYCH-1-1-300x86.jpg 300w, https:\/\/twojpreview.pl\/wp-content\/uploads\/2026\/04\/DYSTRYBUCJA-SYSTEMOW-BALUSTRADOWYCH-1-1-1024x295.jpg 1024w, https:\/\/twojpreview.pl\/wp-content\/uploads\/2026\/04\/DYSTRYBUCJA-SYSTEMOW-BALUSTRADOWYCH-1-1-768x221.jpg 768w, https:\/\/twojpreview.pl\/wp-content\/uploads\/2026\/04\/DYSTRYBUCJA-SYSTEMOW-BALUSTRADOWYCH-1-1-1536x442.jpg 1536w\" sizes=\"(max-width: 1920px) 100vw, 1920px\" \/>\t\t\t\t\t\t\t\t\t\t\t\t\t\t\t<\/div>\n\t\t\t\t\t<\/div>\n\t\t\t\t<\/div>\n\t\t<div class=\"elementor-element elementor-element-9754f7e e-grid e-con-boxed e-con e-parent\" data-id=\"9754f7e\" data-element_type=\"container\" data-e-type=\"container\">\n\t\t\t\t\t<div class=\"e-con-inner\">\n\t\t\t\t<div class=\"elementor-element elementor-element-80834d9 elementor-position-top elementor-widget elementor-widget-image-box\" data-id=\"80834d9\" data-element_type=\"widget\" data-e-type=\"widget\" data-widget_type=\"image-box.default\">\n\t\t\t\t\t<div class=\"elementor-image-box-wrapper\"><figure class=\"elementor-image-box-img\"><a href=\"https:\/\/omega-ekotech.pl\/realizacje\/\" tabindex=\"-1\"><img decoding=\"async\" width=\"1536\" height=\"1024\" src=\"https:\/\/twojpreview.pl\/wp-content\/uploads\/2026\/04\/city-background-panoramic-view_23-2148892921-1536x1024-1.jpg\" class=\"attachment-full size-full wp-image-352\" alt=\"Dystrybucja system\u00f3w balustradowych\" srcset=\"https:\/\/twojpreview.pl\/wp-content\/uploads\/2026\/04\/city-background-panoramic-view_23-2148892921-1536x1024-1.jpg 1536w, https:\/\/twojpreview.pl\/wp-content\/uploads\/2026\/04\/city-background-panoramic-view_23-2148892921-1536x1024-1-300x200.jpg 300w, https:\/\/twojpreview.pl\/wp-content\/uploads\/2026\/04\/city-background-panoramic-view_23-2148892921-1536x1024-1-1024x683.jpg 1024w, https:\/\/twojpreview.pl\/wp-content\/uploads\/2026\/04\/city-background-panoramic-view_23-2148892921-1536x1024-1-768x512.jpg 768w\" sizes=\"(max-width: 1536px) 100vw, 1536px\" \/><\/a><\/figure><div class=\"elementor-image-box-content\"><h3 class=\"elementor-image-box-title\"><a href=\"https:\/\/omega-ekotech.pl\/realizacje\/\">WYJ\u0104TKOWY DESIGN<\/a><\/h3><p class=\"elementor-image-box-description\">Dzi\u0119ki zastosowaniu nowoczesnych technik wznoszenia nasze balustrady systemowe z aluminium mog\u0105 znacz\u0105co podnie\u015b\u0107 warto\u015b\u0107 estetyczn\u0105 Twojej inwestycji oraz uczyni\u0107 j\u0105 bardziej presti\u017cow\u0105 i atrakcyjn\u0105 dla Twoich klient\u00f3w.<\/p><\/div><\/div>\t\t\t\t<\/div>\n\t\t\t\t<div class=\"elementor-element elementor-element-7182eb9 elementor-position-top elementor-widget elementor-widget-image-box\" data-id=\"7182eb9\" data-element_type=\"widget\" data-e-type=\"widget\" data-widget_type=\"image-box.default\">\n\t\t\t\t\t<div class=\"elementor-image-box-wrapper\"><figure class=\"elementor-image-box-img\"><a href=\"#\" tabindex=\"-1\"><img decoding=\"async\" width=\"2000\" height=\"1334\" src=\"https:\/\/twojpreview.pl\/wp-content\/uploads\/2026\/04\/firm-handshake_1098-18183.jpg\" class=\"attachment-full size-full wp-image-359\" alt=\"Dystrybucja system\u00f3w balustradowych\" srcset=\"https:\/\/twojpreview.pl\/wp-content\/uploads\/2026\/04\/firm-handshake_1098-18183.jpg 2000w, https:\/\/twojpreview.pl\/wp-content\/uploads\/2026\/04\/firm-handshake_1098-18183-300x200.jpg 300w, https:\/\/twojpreview.pl\/wp-content\/uploads\/2026\/04\/firm-handshake_1098-18183-1024x683.jpg 1024w, https:\/\/twojpreview.pl\/wp-content\/uploads\/2026\/04\/firm-handshake_1098-18183-768x512.jpg 768w, https:\/\/twojpreview.pl\/wp-content\/uploads\/2026\/04\/firm-handshake_1098-18183-1536x1025.jpg 1536w\" sizes=\"(max-width: 2000px) 100vw, 2000px\" \/><\/a><\/figure><div class=\"elementor-image-box-content\"><h3 class=\"elementor-image-box-title\"><a href=\"#\">BALUSTRADY W NAJLEPSZEJ NA RYNKU OFERCIE<\/a><\/h3><p class=\"elementor-image-box-description\">Zapewniamy wsparcie na wszystkich etapach realizacji, r\u00f3wnie\u017c w zakresie transportu lub obr\u00f3bki. Nasza oferta cenowa oraz system rabat\u00f3w dla sta\u0142ych klient\u00f3w nagradzaj\u0105 Twoj\u0105 firm\u0119 za ka\u017cdy zakup balustrad lub ich element\u00f3w.<\/p><\/div><\/div>\t\t\t\t<\/div>\n\t\t\t\t<div class=\"elementor-element elementor-element-1c668fa elementor-position-top elementor-widget elementor-widget-image-box\" data-id=\"1c668fa\" data-element_type=\"widget\" data-e-type=\"widget\" data-widget_type=\"image-box.default\">\n\t\t\t\t\t<div class=\"elementor-image-box-wrapper\"><figure class=\"elementor-image-box-img\"><a href=\"#\" tabindex=\"-1\"><img loading=\"lazy\" decoding=\"async\" width=\"1536\" height=\"1025\" src=\"https:\/\/twojpreview.pl\/wp-content\/uploads\/2026\/04\/Dystrybucja-systemow-balustradowych-2-2-1536x1025-1.jpg\" class=\"attachment-full size-full wp-image-360\" alt=\"Dystrybucja system\u00f3w balustradowych\" srcset=\"https:\/\/twojpreview.pl\/wp-content\/uploads\/2026\/04\/Dystrybucja-systemow-balustradowych-2-2-1536x1025-1.jpg 1536w, https:\/\/twojpreview.pl\/wp-content\/uploads\/2026\/04\/Dystrybucja-systemow-balustradowych-2-2-1536x1025-1-300x200.jpg 300w, https:\/\/twojpreview.pl\/wp-content\/uploads\/2026\/04\/Dystrybucja-systemow-balustradowych-2-2-1536x1025-1-1024x683.jpg 1024w, https:\/\/twojpreview.pl\/wp-content\/uploads\/2026\/04\/Dystrybucja-systemow-balustradowych-2-2-1536x1025-1-768x513.jpg 768w\" sizes=\"(max-width: 1536px) 100vw, 1536px\" \/><\/a><\/figure><div class=\"elementor-image-box-content\"><h3 class=\"elementor-image-box-title\"><a href=\"#\">EFEKTYWNY SYSTEM MONTA\u017bU<\/a><\/h3><p class=\"elementor-image-box-description\">Baluo stworzone zosta\u0142o z my\u015bl\u0105 o monterach i komforcie ich pracy. Oferujemy rozwi\u0105zanie, skracaj\u0105ce czas monta\u017cu balustrad systemowych a\u017c o 30%. Ka\u017cdy zesp\u00f3\u0142 monterski, b\u0119dzie w stanie zamontowa\u0107 ok. 30 metr\u00f3w konstrukcji aluminiowej dziennie.<\/p><\/div><\/div>\t\t\t\t<\/div>\n\t\t\t\t\t<\/div>\n\t\t\t\t<\/div>\n\t\t\t\t<\/div>\n\t\t","protected":false},"excerpt":{"rendered":"<p>Us\u0142uga DYSTRYBUCJA SYSTEM\u00d3W BALUSTRADOWYCH Oferta w zakresie dystrybucji system\u00f3w balustradowych Nasze balustrady \u0142\u0105cz\u0105 trwa\u0142o\u015b\u0107, funkcjonalno\u015b\u0107 i nowoczesny design. Oferujemy szeroki [&hellip;]<\/p>\n","protected":false},"author":1,"featured_media":0,"parent":0,"menu_order":0,"comment_status":"closed","ping_status":"closed","template":"","meta":{"site-sidebar-layout":"no-sidebar","site-content-layout":"","ast-site-content-layout":"full-width-container","site-content-style":"default","site-sidebar-style":"default","ast-global-header-display":"","ast-banner-title-visibility":"","ast-main-header-display":"","ast-hfb-above-header-display":"","ast-hfb-below-header-display":"","ast-hfb-mobile-header-display":"","site-post-title":"","ast-breadcrumbs-content":"","ast-featured-img":"disabled","footer-sml-layout":"","ast-disable-related-posts":"","theme-transparent-header-meta":"","adv-header-id-meta":"","stick-header-meta":"","header-above-stick-meta":"","header-main-stick-meta":"","header-below-stick-meta":"","astra-migrate-meta-layouts":"default","ast-page-background-enabled":"default","ast-page-background-meta":{"desktop":{"background-color":"var(--ast-global-color-5)","background-image":"","background-repeat":"repeat","background-position":"center center","background-size":"auto","background-attachment":"scroll","background-type":"","background-media":"","overlay-type":"","overlay-color":"","overlay-opacity":"","overlay-gradient":""},"tablet":{"background-color":"","background-image":"","background-repeat":"repeat","background-position":"center center","background-size":"auto","background-attachment":"scroll","background-type":"","background-media":"","overlay-type":"","overlay-color":"","overlay-opacity":"","overlay-gradient":""},"mobile":{"background-color":"","background-image":"","background-repeat":"repeat","background-position":"center center","background-size":"auto","background-attachment":"scroll","background-type":"","background-media":"","overlay-type":"","overlay-color":"","overlay-opacity":"","overlay-gradient":""}},"ast-content-background-meta":{"desktop":{"background-color":"var(--ast-global-color-4)","background-image":"","background-repeat":"repeat","background-position":"center center","background-size":"auto","background-attachment":"scroll","background-type":"","background-media":"","overlay-type":"","overlay-color":"","overlay-opacity":"","overlay-gradient":""},"tablet":{"background-color":"var(--ast-global-color-4)","background-image":"","background-repeat":"repeat","background-position":"center center","background-size":"auto","background-attachment":"scroll","background-type":"","background-media":"","overlay-type":"","overlay-color":"","overlay-opacity":"","overlay-gradient":""},"mobile":{"background-color":"var(--ast-global-color-4)","background-image":"","background-repeat":"repeat","background-position":"center center","background-size":"auto","background-attachment":"scroll","background-type":"","background-media":"","overlay-type":"","overlay-color":"","overlay-opacity":"","overlay-gradient":""}},"footnotes":""},"class_list":["post-112","page","type-page","status-publish","hentry"],"_links":{"self":[{"href":"https:\/\/twojpreview.pl\/index.php?rest_route=\/wp\/v2\/pages\/112","targetHints":{"allow":["GET"]}}],"collection":[{"href":"https:\/\/twojpreview.pl\/index.php?rest_route=\/wp\/v2\/pages"}],"about":[{"href":"https:\/\/twojpreview.pl\/index.php?rest_route=\/wp\/v2\/types\/page"}],"author":[{"embeddable":true,"href":"https:\/\/twojpreview.pl\/index.php?rest_route=\/wp\/v2\/users\/1"}],"replies":[{"embeddable":true,"href":"https:\/\/twojpreview.pl\/index.php?rest_route=%2Fwp%2Fv2%2Fcomments&post=112"}],"version-history":[{"count":19,"href":"https:\/\/twojpreview.pl\/index.php?rest_route=\/wp\/v2\/pages\/112\/revisions"}],"predecessor-version":[{"id":367,"href":"https:\/\/twojpreview.pl\/index.php?rest_route=\/wp\/v2\/pages\/112\/revisions\/367"}],"wp:attachment":[{"href":"https:\/\/twojpreview.pl\/index.php?rest_route=%2Fwp%2Fv2%2Fmedia&parent=112"}],"curies":[{"name":"wp","href":"https:\/\/api.w.org\/{rel}","templated":true}]}}