{"id":159,"date":"2026-04-02T21:06:35","date_gmt":"2026-04-02T21:06:35","guid":{"rendered":"http:\/\/localhost:8088\/?page_id=159"},"modified":"2026-04-02T21:20:49","modified_gmt":"2026-04-02T21:20:49","slug":"projektowanie","status":"publish","type":"page","link":"https:\/\/twojpreview.pl\/?page_id=159","title":{"rendered":"Projektowanie"},"content":{"rendered":"\t\t<div data-elementor-type=\"wp-page\" data-elementor-id=\"159\" class=\"elementor elementor-159\">\n\t\t\t\t<div class=\"elementor-element elementor-element-072352f e-flex e-con-boxed e-con e-parent\" data-id=\"072352f\" data-element_type=\"container\" data-e-type=\"container\">\n\t\t\t\t\t<div class=\"e-con-inner\">\n\t\t\t\t<div class=\"elementor-element elementor-element-2bcb097 elementor-widget elementor-widget-spacer\" data-id=\"2bcb097\" data-element_type=\"widget\" data-e-type=\"widget\" data-widget_type=\"spacer.default\">\n\t\t\t\t\t\t\t<div class=\"elementor-spacer\">\n\t\t\t<div class=\"elementor-spacer-inner\"><\/div>\n\t\t<\/div>\n\t\t\t\t\t\t<\/div>\n\t\t\t\t<div class=\"elementor-element elementor-element-8e9d174 elementor-widget elementor-widget-heading\" data-id=\"8e9d174\" data-element_type=\"widget\" data-e-type=\"widget\" data-widget_type=\"heading.default\">\n\t\t\t\t\t<span class=\"elementor-heading-title elementor-size-default\">Us\u0142uga<\/span>\t\t\t\t<\/div>\n\t\t\t\t<div class=\"elementor-element elementor-element-7b5027b elementor-widget elementor-widget-heading\" data-id=\"7b5027b\" data-element_type=\"widget\" data-e-type=\"widget\" data-widget_type=\"heading.default\">\n\t\t\t\t\t<h1 class=\"elementor-heading-title elementor-size-default\">PROJEKTOWANIE<\/h1>\t\t\t\t<\/div>\n\t\t\t\t\t<\/div>\n\t\t\t\t<\/div>\n\t\t<div class=\"elementor-element elementor-element-4594ff6 e-flex e-con-boxed e-con e-parent\" data-id=\"4594ff6\" data-element_type=\"container\" data-e-type=\"container\">\n\t\t\t\t\t<div class=\"e-con-inner\">\n\t\t<div class=\"elementor-element elementor-element-d82badc e-con-full e-flex e-con e-child\" data-id=\"d82badc\" data-element_type=\"container\" data-e-type=\"container\">\n\t\t\t\t<div class=\"elementor-element elementor-element-2e9c871 elementor-widget elementor-widget-heading\" data-id=\"2e9c871\" data-element_type=\"widget\" data-e-type=\"widget\" data-widget_type=\"heading.default\">\n\t\t\t\t\t<h2 class=\"elementor-heading-title elementor-size-default\">Projektowanie dla przemys\u0142u<\/h2>\t\t\t\t<\/div>\n\t\t\t\t<div class=\"elementor-element elementor-element-4b15fa3 elementor-widget elementor-widget-text-editor\" data-id=\"4b15fa3\" data-element_type=\"widget\" data-e-type=\"widget\" data-widget_type=\"text-editor.default\">\n\t\t\t\t\t\t\t\t\t<strong>\u2022\u00a0<\/strong>Projekt koncepcyjny \u2013 opracowanie uk\u0142adu funkcjonalnego obiektu oraz wst\u0119pnej wizji konstrukcji stalowej\n\n<strong>\u2022\u00a0<\/strong>Projekt budowlany \u2013 zgodny z obowi\u0105zuj\u0105cymi normami i wymaganiami formalno-prawnymi\n\n<strong>\u2022\u00a0<\/strong>Projekt wykonawczy \u2013 szczeg\u00f3\u0142owe rysunki i opisy technologiczne niezb\u0119dne do realizacji inwestycji\n\n<strong>\u2022\u00a0<\/strong>Projekt warsztatowy \u2013 precyzyjna dokumentacja produkcyjna element\u00f3w konstrukcji stalowych (m.in. rysunki dla hali, podest\u00f3w, wspornik\u00f3w, schod\u00f3w, balustrad)\n\n<strong>\u2022\u00a0<\/strong>Obliczenia statyczno-wytrzyma\u0142o\u015bciowe \u2013 analiza no\u015bno\u015bci i bezpiecze\u0144stwa konstrukcji stalowych\n\n<strong>\u2022\u00a0<\/strong>Dob\u00f3r materia\u0142\u00f3w i optymalizacja rozwi\u0105za\u0144 technicznych \u2013 z uwzgl\u0119dnieniem trwa\u0142o\u015bci, koszt\u00f3w i efektywno\u015bci monta\u017cu\n\n<strong>\u2022\u00a0<\/strong>Wsp\u00f3\u0142praca z architektami i bran\u017cystami \u2013 integracja projektu konstrukcyjnego z pozosta\u0142ymi cz\u0119\u015bciami inwestycji\n\n<strong>\u2022\u00a0<\/strong>Doradztwo projektowe i techniczne na ka\u017cdym etapie inwestycji\t\t\t\t\t\t\t\t<\/div>\n\t\t\t\t<\/div>\n\t\t<div class=\"elementor-element elementor-element-7f1967c e-con-full e-flex e-con e-child\" data-id=\"7f1967c\" data-element_type=\"container\" data-e-type=\"container\">\n\t\t\t\t<div class=\"elementor-element elementor-element-2971105 elementor-widget elementor-widget-image\" data-id=\"2971105\" data-element_type=\"widget\" data-e-type=\"widget\" data-widget_type=\"image.default\">\n\t\t\t\t\t\t\t\t\t\t\t\t\t\t\t<img fetchpriority=\"high\" decoding=\"async\" width=\"684\" height=\"1024\" src=\"https:\/\/twojpreview.pl\/wp-content\/uploads\/2026\/04\/cropped-hands-architect-blueprinting-architectural-project_1098-18818-768x1150-1-684x1024.jpg\" class=\"attachment-large size-large wp-image-167\" alt=\"\" srcset=\"https:\/\/twojpreview.pl\/wp-content\/uploads\/2026\/04\/cropped-hands-architect-blueprinting-architectural-project_1098-18818-768x1150-1-684x1024.jpg 684w, https:\/\/twojpreview.pl\/wp-content\/uploads\/2026\/04\/cropped-hands-architect-blueprinting-architectural-project_1098-18818-768x1150-1-200x300.jpg 200w, https:\/\/twojpreview.pl\/wp-content\/uploads\/2026\/04\/cropped-hands-architect-blueprinting-architectural-project_1098-18818-768x1150-1.jpg 768w\" sizes=\"(max-width: 684px) 100vw, 684px\" \/>\t\t\t\t\t\t\t\t\t\t\t\t\t\t\t<\/div>\n\t\t\t\t<\/div>\n\t\t\t\t\t<\/div>\n\t\t\t\t<\/div>\n\t\t<div class=\"elementor-element elementor-element-fa10742 e-flex e-con-boxed e-con e-parent\" data-id=\"fa10742\" data-element_type=\"container\" data-e-type=\"container\">\n\t\t\t\t\t<div class=\"e-con-inner\">\n\t\t<div class=\"elementor-element elementor-element-efaf06a e-con-full e-flex e-con e-child\" data-id=\"efaf06a\" data-element_type=\"container\" data-e-type=\"container\">\n\t\t\t\t<div class=\"elementor-element elementor-element-2c7a128 elementor-widget elementor-widget-heading\" data-id=\"2c7a128\" data-element_type=\"widget\" data-e-type=\"widget\" data-widget_type=\"heading.default\">\n\t\t\t\t\t<h2 class=\"elementor-heading-title elementor-size-default\">Zakres naszych us\u0142ug projektowych<\/h2>\t\t\t\t<\/div>\n\t\t\t\t<\/div>\n\t\t\t\t<div class=\"elementor-element elementor-element-fb2f7c5 elementor-widget elementor-widget-image\" data-id=\"fb2f7c5\" data-element_type=\"widget\" data-e-type=\"widget\" data-widget_type=\"image.default\">\n\t\t\t\t\t\t\t\t\t\t\t\t\t\t\t<img decoding=\"async\" width=\"1920\" height=\"553\" src=\"https:\/\/twojpreview.pl\/wp-content\/uploads\/2026\/04\/Projektowanie-1.jpg\" class=\"attachment-full size-full wp-image-171\" alt=\"\" srcset=\"https:\/\/twojpreview.pl\/wp-content\/uploads\/2026\/04\/Projektowanie-1.jpg 1920w, https:\/\/twojpreview.pl\/wp-content\/uploads\/2026\/04\/Projektowanie-1-300x86.jpg 300w, https:\/\/twojpreview.pl\/wp-content\/uploads\/2026\/04\/Projektowanie-1-1024x295.jpg 1024w, https:\/\/twojpreview.pl\/wp-content\/uploads\/2026\/04\/Projektowanie-1-768x221.jpg 768w, https:\/\/twojpreview.pl\/wp-content\/uploads\/2026\/04\/Projektowanie-1-1536x442.jpg 1536w\" sizes=\"(max-width: 1920px) 100vw, 1920px\" \/>\t\t\t\t\t\t\t\t\t\t\t\t\t\t\t<\/div>\n\t\t\t\t\t<\/div>\n\t\t\t\t<\/div>\n\t\t\t\t<\/div>\n\t\t","protected":false},"excerpt":{"rendered":"<p>Us\u0142uga PROJEKTOWANIE Projektowanie dla przemys\u0142u \u2022\u00a0Projekt koncepcyjny \u2013 opracowanie uk\u0142adu funkcjonalnego obiektu oraz wst\u0119pnej wizji konstrukcji stalowej \u2022\u00a0Projekt budowlany \u2013 [&hellip;]<\/p>\n","protected":false},"author":1,"featured_media":0,"parent":0,"menu_order":0,"comment_status":"closed","ping_status":"closed","template":"","meta":{"site-sidebar-layout":"no-sidebar","site-content-layout":"","ast-site-content-layout":"full-width-container","site-content-style":"default","site-sidebar-style":"default","ast-global-header-display":"","ast-banner-title-visibility":"","ast-main-header-display":"","ast-hfb-above-header-display":"","ast-hfb-below-header-display":"","ast-hfb-mobile-header-display":"","site-post-title":"","ast-breadcrumbs-content":"","ast-featured-img":"disabled","footer-sml-layout":"","ast-disable-related-posts":"","theme-transparent-header-meta":"","adv-header-id-meta":"","stick-header-meta":"","header-above-stick-meta":"","header-main-stick-meta":"","header-below-stick-meta":"","astra-migrate-meta-layouts":"default","ast-page-background-enabled":"default","ast-page-background-meta":{"desktop":{"background-color":"var(--ast-global-color-5)","background-image":"","background-repeat":"repeat","background-position":"center center","background-size":"auto","background-attachment":"scroll","background-type":"","background-media":"","overlay-type":"","overlay-color":"","overlay-opacity":"","overlay-gradient":""},"tablet":{"background-color":"","background-image":"","background-repeat":"repeat","background-position":"center center","background-size":"auto","background-attachment":"scroll","background-type":"","background-media":"","overlay-type":"","overlay-color":"","overlay-opacity":"","overlay-gradient":""},"mobile":{"background-color":"","background-image":"","background-repeat":"repeat","background-position":"center center","background-size":"auto","background-attachment":"scroll","background-type":"","background-media":"","overlay-type":"","overlay-color":"","overlay-opacity":"","overlay-gradient":""}},"ast-content-background-meta":{"desktop":{"background-color":"var(--ast-global-color-4)","background-image":"","background-repeat":"repeat","background-position":"center center","background-size":"auto","background-attachment":"scroll","background-type":"","background-media":"","overlay-type":"","overlay-color":"","overlay-opacity":"","overlay-gradient":""},"tablet":{"background-color":"var(--ast-global-color-4)","background-image":"","background-repeat":"repeat","background-position":"center center","background-size":"auto","background-attachment":"scroll","background-type":"","background-media":"","overlay-type":"","overlay-color":"","overlay-opacity":"","overlay-gradient":""},"mobile":{"background-color":"var(--ast-global-color-4)","background-image":"","background-repeat":"repeat","background-position":"center center","background-size":"auto","background-attachment":"scroll","background-type":"","background-media":"","overlay-type":"","overlay-color":"","overlay-opacity":"","overlay-gradient":""}},"footnotes":""},"class_list":["post-159","page","type-page","status-publish","hentry"],"_links":{"self":[{"href":"https:\/\/twojpreview.pl\/index.php?rest_route=\/wp\/v2\/pages\/159","targetHints":{"allow":["GET"]}}],"collection":[{"href":"https:\/\/twojpreview.pl\/index.php?rest_route=\/wp\/v2\/pages"}],"about":[{"href":"https:\/\/twojpreview.pl\/index.php?rest_route=\/wp\/v2\/types\/page"}],"author":[{"embeddable":true,"href":"https:\/\/twojpreview.pl\/index.php?rest_route=\/wp\/v2\/users\/1"}],"replies":[{"embeddable":true,"href":"https:\/\/twojpreview.pl\/index.php?rest_route=%2Fwp%2Fv2%2Fcomments&post=159"}],"version-history":[{"count":16,"href":"https:\/\/twojpreview.pl\/index.php?rest_route=\/wp\/v2\/pages\/159\/revisions"}],"predecessor-version":[{"id":177,"href":"https:\/\/twojpreview.pl\/index.php?rest_route=\/wp\/v2\/pages\/159\/revisions\/177"}],"wp:attachment":[{"href":"https:\/\/twojpreview.pl\/index.php?rest_route=%2Fwp%2Fv2%2Fmedia&parent=159"}],"curies":[{"name":"wp","href":"https:\/\/api.w.org\/{rel}","templated":true}]}}