{"id":44,"date":"2026-04-01T21:42:33","date_gmt":"2026-04-01T21:42:33","guid":{"rendered":"http:\/\/localhost:8088\/?page_id=44"},"modified":"2026-04-17T22:40:13","modified_gmt":"2026-04-17T22:40:13","slug":"__trashed-3","status":"publish","type":"page","link":"https:\/\/twojpreview.pl\/?page_id=44","title":{"rendered":"Generalne Budownictwo Konstrukcyjne"},"content":{"rendered":"\t\t<div data-elementor-type=\"wp-post\" data-elementor-id=\"44\" class=\"elementor elementor-44\">\n\t\t\t\t<div class=\"elementor-element elementor-element-6967a57 e-flex e-con-boxed e-con e-parent\" data-id=\"6967a57\" data-element_type=\"container\" data-e-type=\"container\">\n\t\t\t\t\t<div class=\"e-con-inner\">\n\t\t\t\t<div class=\"elementor-element elementor-element-62ca8ee elementor-widget elementor-widget-spacer\" data-id=\"62ca8ee\" data-element_type=\"widget\" data-e-type=\"widget\" data-widget_type=\"spacer.default\">\n\t\t\t\t\t\t\t<div class=\"elementor-spacer\">\n\t\t\t<div class=\"elementor-spacer-inner\"><\/div>\n\t\t<\/div>\n\t\t\t\t\t\t<\/div>\n\t\t\t\t<div class=\"elementor-element elementor-element-bb4bd76 elementor-widget elementor-widget-heading\" data-id=\"bb4bd76\" data-element_type=\"widget\" data-e-type=\"widget\" data-widget_type=\"heading.default\">\n\t\t\t\t\t<span class=\"elementor-heading-title elementor-size-default\">Us\u0142uga<\/span>\t\t\t\t<\/div>\n\t\t\t\t<div class=\"elementor-element elementor-element-ac8fe8e elementor-widget elementor-widget-heading\" data-id=\"ac8fe8e\" data-element_type=\"widget\" data-e-type=\"widget\" data-widget_type=\"heading.default\">\n\t\t\t\t\t<h1 class=\"elementor-heading-title elementor-size-default\">GENERALNE BUDOWNICTWO KONSTRUKCYJNE - Konstrukcje stalowe<\/h1>\t\t\t\t<\/div>\n\t\t\t\t<div class=\"elementor-element elementor-element-6d26760 elementor-widget elementor-widget-text-editor\" data-id=\"6d26760\" data-element_type=\"widget\" data-e-type=\"widget\" data-widget_type=\"text-editor.default\">\n\t\t\t\t\t\t\t\t\t<p class=\"\" data-start=\"0\" data-end=\"333\"><strong>Omega Eko-Tech Sp. z o.o.<\/strong> to firma specjalizuj\u0105ca si\u0119 w projektowaniu, produkcji i monta\u017cu <strong data-start=\"91\" data-end=\"116\">konstrukcji stalowych<\/strong>, dostosowanych do potrzeb dynamicznie rozwijaj\u0105cych si\u0119 bran\u017c. Tworzymy konstrukcje stalowe ze stali nierdzewnej i stali czarnej, spe\u0142niaj\u0105ce potrzeby przemys\u0142u, budownictwa oraz sektora energetycznego.<\/p>\n<p class=\"\" data-start=\"335\" data-end=\"530\">Dzia\u0142aj\u0105c w oparciu o najnowsze \u015bwiatowe technologie oraz zgodnie z najwy\u017cszymi normami jako\u015bci, oferujemy kompleksowe rozwi\u0105zania w zakresie produkcji i monta\u017cu konstrukcji stalowych, w tym:<\/p>\t\t\t\t\t\t\t\t<\/div>\n\t\t\t\t<div class=\"elementor-element elementor-element-9b2aa20 elementor-widget elementor-widget-spacer\" data-id=\"9b2aa20\" data-element_type=\"widget\" data-e-type=\"widget\" data-widget_type=\"spacer.default\">\n\t\t\t\t\t\t\t<div class=\"elementor-spacer\">\n\t\t\t<div class=\"elementor-spacer-inner\"><\/div>\n\t\t<\/div>\n\t\t\t\t\t\t<\/div>\n\t\t\t\t\t<\/div>\n\t\t\t\t<\/div>\n\t\t<div class=\"elementor-element elementor-element-d53827a e-flex e-con-boxed e-con e-parent\" data-id=\"d53827a\" data-element_type=\"container\" data-e-type=\"container\">\n\t\t\t\t\t<div class=\"e-con-inner\">\n\t\t\t\t<div class=\"elementor-element elementor-element-9f7981c elementor-widget elementor-widget-heading\" data-id=\"9f7981c\" data-element_type=\"widget\" data-e-type=\"widget\" data-widget_type=\"heading.default\">\n\t\t\t\t\t<h2 class=\"elementor-heading-title elementor-size-default\">Konstrukcje Stalowe z Stali Nierdzewnej i Stali Czarnej \u2013 Dopasowane do Twoich Potrzeb<\/h2>\t\t\t\t<\/div>\n\t\t\t\t\t<\/div>\n\t\t\t\t<\/div>\n\t\t<div class=\"elementor-element elementor-element-8f26af2 e-flex e-con-boxed e-con e-parent\" data-id=\"8f26af2\" data-element_type=\"container\" data-e-type=\"container\">\n\t\t\t\t\t<div class=\"e-con-inner\">\n\t\t<div class=\"elementor-element elementor-element-f860bc0 e-con-full e-flex e-con e-child\" data-id=\"f860bc0\" data-element_type=\"container\" data-e-type=\"container\">\n\t\t\t\t<div class=\"elementor-element elementor-element-1857073 elementor-widget elementor-widget-text-editor\" data-id=\"1857073\" data-element_type=\"widget\" data-e-type=\"widget\" data-widget_type=\"text-editor.default\">\n\t\t\t\t\t\t\t\t\t<strong>Konstrukcje ze Stali Nierdzewnej<\/strong>\n\n<strong>\u2022<\/strong> Odporno\u015b\u0107 na korozj\u0119 \u2013 idealne do przemys\u0142u spo\u017cywczego, farmaceutycznego i chemicznego.\n\n<strong>\u2022<\/strong> Estetyka i trwa\u0142o\u015b\u0107 \u2013 doskona\u0142e rozwi\u0105zanie dla wymagaj\u0105cych \u015brodowisk pracy.\n\n<strong>\u2022<\/strong> \u0141atwa konserwacja \u2013 wysoka odporno\u015b\u0107 na dzia\u0142anie czynnik\u00f3w atmosferycznych i chemicznych.\t\t\t\t\t\t\t\t<\/div>\n\t\t\t\t<\/div>\n\t\t<div class=\"elementor-element elementor-element-79a9ce1 e-con-full e-flex e-con e-child\" data-id=\"79a9ce1\" data-element_type=\"container\" data-e-type=\"container\">\n\t\t\t\t<div class=\"elementor-element elementor-element-14edaec elementor-widget elementor-widget-text-editor\" data-id=\"14edaec\" data-element_type=\"widget\" data-e-type=\"widget\" data-widget_type=\"text-editor.default\">\n\t\t\t\t\t\t\t\t\t<strong>Konstrukcje ze Stali Czarnej<\/strong>\n\n<strong>\u2022<\/strong> Wytrzyma\u0142o\u015b\u0107 mechaniczna \u2013 stosowane w ci\u0119\u017ckim przemy\u015ble, energetyce i budownictwie.\n\n<strong>\u2022<\/strong> Mo\u017cliwo\u015b\u0107 spawania i obr\u00f3bki \u2013 szerokie mo\u017cliwo\u015bci dostosowania konstrukcji do specyfiki projektu.\n\n<strong>\u2022<\/strong> Ekonomiczne rozwi\u0105zanie \u2013 stosowane tam, gdzie nie jest wymagana odporno\u015b\u0107 na korozj\u0119.\t\t\t\t\t\t\t\t<\/div>\n\t\t\t\t<\/div>\n\t\t\t\t\t<\/div>\n\t\t\t\t<\/div>\n\t\t<div class=\"elementor-element elementor-element-fea23f3 e-flex e-con-boxed e-con e-parent\" data-id=\"fea23f3\" data-element_type=\"container\" data-e-type=\"container\">\n\t\t\t\t\t<div class=\"e-con-inner\">\n\t\t\t\t<div class=\"elementor-element elementor-element-bda0a6e elementor-widget elementor-widget-image\" data-id=\"bda0a6e\" data-element_type=\"widget\" data-e-type=\"widget\" data-widget_type=\"image.default\">\n\t\t\t\t\t\t\t\t\t\t\t\t\t\t\t<img fetchpriority=\"high\" decoding=\"async\" width=\"1536\" height=\"442\" src=\"https:\/\/twojpreview.pl\/wp-content\/uploads\/2026\/04\/Konstrukcje-stalowe-1536x442-1.jpg\" class=\"attachment-full size-full wp-image-342\" alt=\"Konstrukcje stalowe\" srcset=\"https:\/\/twojpreview.pl\/wp-content\/uploads\/2026\/04\/Konstrukcje-stalowe-1536x442-1.jpg 1536w, https:\/\/twojpreview.pl\/wp-content\/uploads\/2026\/04\/Konstrukcje-stalowe-1536x442-1-300x86.jpg 300w, https:\/\/twojpreview.pl\/wp-content\/uploads\/2026\/04\/Konstrukcje-stalowe-1536x442-1-1024x295.jpg 1024w, https:\/\/twojpreview.pl\/wp-content\/uploads\/2026\/04\/Konstrukcje-stalowe-1536x442-1-768x221.jpg 768w\" sizes=\"(max-width: 1536px) 100vw, 1536px\" \/>\t\t\t\t\t\t\t\t\t\t\t\t\t\t\t<\/div>\n\t\t\t\t\t<\/div>\n\t\t\t\t<\/div>\n\t\t\t\t<\/div>\n\t\t","protected":false},"excerpt":{"rendered":"<p>Us\u0142uga GENERALNE BUDOWNICTWO KONSTRUKCYJNE &#8211; Konstrukcje stalowe Omega Eko-Tech Sp. z o.o. to firma specjalizuj\u0105ca si\u0119 w projektowaniu, produkcji i [&hellip;]<\/p>\n","protected":false},"author":1,"featured_media":0,"parent":0,"menu_order":0,"comment_status":"closed","ping_status":"closed","template":"","meta":{"site-sidebar-layout":"no-sidebar","site-content-layout":"","ast-site-content-layout":"full-width-container","site-content-style":"default","site-sidebar-style":"default","ast-global-header-display":"","ast-banner-title-visibility":"","ast-main-header-display":"","ast-hfb-above-header-display":"","ast-hfb-below-header-display":"","ast-hfb-mobile-header-display":"","site-post-title":"","ast-breadcrumbs-content":"","ast-featured-img":"disabled","footer-sml-layout":"","ast-disable-related-posts":"","theme-transparent-header-meta":"","adv-header-id-meta":"","stick-header-meta":"","header-above-stick-meta":"","header-main-stick-meta":"","header-below-stick-meta":"","astra-migrate-meta-layouts":"default","ast-page-background-enabled":"default","ast-page-background-meta":{"desktop":{"background-color":"var(--ast-global-color-5)","background-image":"","background-repeat":"repeat","background-position":"center center","background-size":"auto","background-attachment":"scroll","background-type":"","background-media":"","overlay-type":"","overlay-color":"","overlay-opacity":"","overlay-gradient":""},"tablet":{"background-color":"","background-image":"","background-repeat":"repeat","background-position":"center center","background-size":"auto","background-attachment":"scroll","background-type":"","background-media":"","overlay-type":"","overlay-color":"","overlay-opacity":"","overlay-gradient":""},"mobile":{"background-color":"","background-image":"","background-repeat":"repeat","background-position":"center center","background-size":"auto","background-attachment":"scroll","background-type":"","background-media":"","overlay-type":"","overlay-color":"","overlay-opacity":"","overlay-gradient":""}},"ast-content-background-meta":{"desktop":{"background-color":"var(--ast-global-color-4)","background-image":"","background-repeat":"repeat","background-position":"center center","background-size":"auto","background-attachment":"scroll","background-type":"","background-media":"","overlay-type":"","overlay-color":"","overlay-opacity":"","overlay-gradient":""},"tablet":{"background-color":"var(--ast-global-color-4)","background-image":"","background-repeat":"repeat","background-position":"center center","background-size":"auto","background-attachment":"scroll","background-type":"","background-media":"","overlay-type":"","overlay-color":"","overlay-opacity":"","overlay-gradient":""},"mobile":{"background-color":"var(--ast-global-color-4)","background-image":"","background-repeat":"repeat","background-position":"center center","background-size":"auto","background-attachment":"scroll","background-type":"","background-media":"","overlay-type":"","overlay-color":"","overlay-opacity":"","overlay-gradient":""}},"footnotes":""},"class_list":["post-44","page","type-page","status-publish","hentry"],"_links":{"self":[{"href":"https:\/\/twojpreview.pl\/index.php?rest_route=\/wp\/v2\/pages\/44","targetHints":{"allow":["GET"]}}],"collection":[{"href":"https:\/\/twojpreview.pl\/index.php?rest_route=\/wp\/v2\/pages"}],"about":[{"href":"https:\/\/twojpreview.pl\/index.php?rest_route=\/wp\/v2\/types\/page"}],"author":[{"embeddable":true,"href":"https:\/\/twojpreview.pl\/index.php?rest_route=\/wp\/v2\/users\/1"}],"replies":[{"embeddable":true,"href":"https:\/\/twojpreview.pl\/index.php?rest_route=%2Fwp%2Fv2%2Fcomments&post=44"}],"version-history":[{"count":16,"href":"https:\/\/twojpreview.pl\/index.php?rest_route=\/wp\/v2\/pages\/44\/revisions"}],"predecessor-version":[{"id":345,"href":"https:\/\/twojpreview.pl\/index.php?rest_route=\/wp\/v2\/pages\/44\/revisions\/345"}],"wp:attachment":[{"href":"https:\/\/twojpreview.pl\/index.php?rest_route=%2Fwp%2Fv2%2Fmedia&parent=44"}],"curies":[{"name":"wp","href":"https:\/\/api.w.org\/{rel}","templated":true}]}}