{"id":99,"date":"2026-03-22T19:04:16","date_gmt":"2026-03-22T19:04:16","guid":{"rendered":"http:\/\/localhost:8088\/?page_id=99"},"modified":"2026-04-17T22:36:33","modified_gmt":"2026-04-17T22:36:33","slug":"modernizacje-i-przebudowy-zakladow-przemyslowych","status":"publish","type":"page","link":"https:\/\/twojpreview.pl\/?page_id=99","title":{"rendered":"MODERNIZACJE I PRZEBUDOWY ZAK\u0141AD\u00d3W PRZEMYS\u0141OWYCH"},"content":{"rendered":"\t\t<div data-elementor-type=\"wp-page\" data-elementor-id=\"99\" class=\"elementor elementor-99\">\n\t\t\t\t<div class=\"elementor-element elementor-element-5e15ca6 e-flex e-con-boxed e-con e-parent\" data-id=\"5e15ca6\" data-element_type=\"container\" data-e-type=\"container\">\n\t\t\t\t\t<div class=\"e-con-inner\">\n\t\t\t\t<div class=\"elementor-element elementor-element-390391a elementor-widget elementor-widget-text-editor\" data-id=\"390391a\" data-element_type=\"widget\" data-e-type=\"widget\" data-widget_type=\"text-editor.default\">\n\t\t\t\t\t\t\t\t\t<p>W Omega Eko-Tech realizujemy kompleksowe modernizacje i przebudowy zak\u0142ad\u00f3w przemys\u0142owych, dostosowuj\u0105c je do najnowszych standard\u00f3w technologicznych i efektywno\u015bci energetycznej. Nasze dzia\u0142ania obejmuj\u0105 generalne wykonawstwo, rozbudowy, adaptacje oraz remonty, co pozwala na optymalizacj\u0119 proces\u00f3w produkcyjnych i zwi\u0119kszenie bezpiecze\u0144stwa pracy.<\/p>\t\t\t\t\t\t\t\t<\/div>\n\t\t\t\t<div class=\"elementor-element elementor-element-2c9a989 elementor-widget elementor-widget-heading\" data-id=\"2c9a989\" data-element_type=\"widget\" data-e-type=\"widget\" data-widget_type=\"heading.default\">\n\t\t\t\t\t<h1 class=\"elementor-heading-title elementor-size-default\">MODERNIZACJE I PRZEBUDOWY ZAK\u0141AD\u00d3W PRZEMYS\u0141OWYCH<\/h1>\t\t\t\t<\/div>\n\t\t\t\t<div class=\"elementor-element elementor-element-2b817a7 elementor-widget elementor-widget-heading\" data-id=\"2b817a7\" data-element_type=\"widget\" data-e-type=\"widget\" data-widget_type=\"heading.default\">\n\t\t\t\t\t<span class=\"elementor-heading-title elementor-size-default\">Us\u0142uga<\/span>\t\t\t\t<\/div>\n\t\t\t\t<div class=\"elementor-element elementor-element-3b799c7 elementor-widget elementor-widget-spacer\" data-id=\"3b799c7\" data-element_type=\"widget\" data-e-type=\"widget\" data-widget_type=\"spacer.default\">\n\t\t\t\t\t\t\t<div class=\"elementor-spacer\">\n\t\t\t<div class=\"elementor-spacer-inner\"><\/div>\n\t\t<\/div>\n\t\t\t\t\t\t<\/div>\n\t\t\t\t\t<\/div>\n\t\t\t\t<\/div>\n\t\t<div class=\"elementor-element elementor-element-8335453 e-flex e-con-boxed e-con e-parent\" data-id=\"8335453\" data-element_type=\"container\" data-e-type=\"container\">\n\t\t\t\t\t<div class=\"e-con-inner\">\n\t\t\t\t<div class=\"elementor-element elementor-element-fe81039 elementor-widget elementor-widget-heading\" data-id=\"fe81039\" data-element_type=\"widget\" data-e-type=\"widget\" data-widget_type=\"heading.default\">\n\t\t\t\t\t<h2 class=\"elementor-heading-title elementor-size-default\">Zakres us\u0142ugi Modernizacje i Przebudowy Zak\u0142ad\u00f3w Przemys\u0142owych<\/h2>\t\t\t\t<\/div>\n\t\t\t\t\t<\/div>\n\t\t\t\t<\/div>\n\t\t<div class=\"elementor-element elementor-element-cb3a67f e-flex e-con-boxed e-con e-parent\" data-id=\"cb3a67f\" data-element_type=\"container\" data-e-type=\"container\">\n\t\t\t\t\t<div class=\"e-con-inner\">\n\t\t<div class=\"elementor-element elementor-element-d16e24e e-con-full e-flex e-con e-child\" data-id=\"d16e24e\" data-element_type=\"container\" data-e-type=\"container\" data-settings=\"{&quot;background_background&quot;:&quot;classic&quot;}\">\n\t\t\t\t<div class=\"elementor-element elementor-element-8281b07 elementor-widget elementor-widget-heading\" data-id=\"8281b07\" data-element_type=\"widget\" data-e-type=\"widget\" data-widget_type=\"heading.default\">\n\t\t\t\t\t<h2 class=\"elementor-heading-title elementor-size-default\"> Modernizacja i adaptacja zak\u0142ad\u00f3w<\/h2>\t\t\t\t<\/div>\n\t\t\t\t<div class=\"elementor-element elementor-element-359940c elementor-widget elementor-widget-text-editor\" data-id=\"359940c\" data-element_type=\"widget\" data-e-type=\"widget\" data-widget_type=\"text-editor.default\">\n\t\t\t\t\t\t\t\t\t<div class=\"description\">\n\n<b style=\"font-size: 24px;\">01 <\/b>Przebudowa hal produkcyjnych i magazynowych \u2013 optymalizacja uk\u0142adu przestrzennego dla nowoczesnych proces\u00f3w technologicznych.\n<b style=\"font-size: 24px;\">02 <\/b>Wzmacnianie konstrukcji stalowych i betonowych \u2013 zwi\u0119kszenie trwa\u0142o\u015bci i odporno\u015bci budynk\u00f3w.\n<b style=\"font-size: 24px;\">03 <\/b>Modernizacja instalacji przemys\u0142owych \u2013 nowoczesne rozwi\u0105zania w zakresie energetyki, wentylacji, wodoci\u0105g\u00f3w i kanalizacji.\n<b style=\"font-size: 24px;\">04 <\/b>Adaptacja obiekt\u00f3w do norm \u015brodowiskowych \u2013 wdra\u017canie system\u00f3w oszcz\u0119dzaj\u0105cych energi\u0119 i zmniejszaj\u0105cych emisj\u0119 CO\u2082.\n\n<\/div>\t\t\t\t\t\t\t\t<\/div>\n\t\t\t\t<\/div>\n\t\t<div class=\"elementor-element elementor-element-f682dbb e-con-full e-flex e-con e-child\" data-id=\"f682dbb\" data-element_type=\"container\" data-e-type=\"container\" data-settings=\"{&quot;background_background&quot;:&quot;classic&quot;}\">\n\t\t\t\t<div class=\"elementor-element elementor-element-8166b3a elementor-widget elementor-widget-image\" data-id=\"8166b3a\" data-element_type=\"widget\" data-e-type=\"widget\" data-widget_type=\"image.default\">\n\t\t\t\t\t\t\t\t\t\t\t\t\t\t\t<img decoding=\"async\" src=\"https:\/\/twojpreview.pl\/wp-content\/uploads\/elementor\/thumbs\/IMG_9259-scaled-1-rkwcpb1x9z4sb58fkes3bws2qfb2hib7uyfbjk4gog.jpg\" title=\"Modernizacje i przebudowy zak\u0142ad\u00f3w przemys\u0142owych\" alt=\"Modernizacje i przebudowy zak\u0142ad\u00f3w przemys\u0142owych\" loading=\"lazy\" \/>\t\t\t\t\t\t\t\t\t\t\t\t\t\t\t<\/div>\n\t\t\t\t<\/div>\n\t\t\t\t\t<\/div>\n\t\t\t\t<\/div>\n\t\t<div class=\"elementor-element elementor-element-0824bc1 e-flex e-con-boxed e-con e-parent\" data-id=\"0824bc1\" data-element_type=\"container\" data-e-type=\"container\">\n\t\t\t\t\t<div class=\"e-con-inner\">\n\t\t<div class=\"elementor-element elementor-element-c1b92a0 e-con-full e-flex e-con e-child\" data-id=\"c1b92a0\" data-element_type=\"container\" data-e-type=\"container\" data-settings=\"{&quot;background_background&quot;:&quot;classic&quot;}\">\n\t\t\t\t<div class=\"elementor-element elementor-element-143535d elementor-widget elementor-widget-image\" data-id=\"143535d\" data-element_type=\"widget\" data-e-type=\"widget\" data-widget_type=\"image.default\">\n\t\t\t\t\t\t\t\t\t\t\t\t\t\t\t<img decoding=\"async\" src=\"https:\/\/twojpreview.pl\/wp-content\/uploads\/elementor\/thumbs\/IMG_9270-scaled-e1745267466979-1536x1392-1-rm5sgh09k78104c9vpmgsxtkkzyq9u9y3d3d17jbsg.jpg\" title=\"Modernizacje i przebudowy zak\u0142ad\u00f3w przemys\u0142owych\" alt=\"Modernizacje i przebudowy zak\u0142ad\u00f3w przemys\u0142owych\" loading=\"lazy\" \/>\t\t\t\t\t\t\t\t\t\t\t\t\t\t\t<\/div>\n\t\t\t\t<\/div>\n\t\t<div class=\"elementor-element elementor-element-0e4d9ea e-con-full e-flex e-con e-child\" data-id=\"0e4d9ea\" data-element_type=\"container\" data-e-type=\"container\" data-settings=\"{&quot;background_background&quot;:&quot;classic&quot;}\">\n\t\t\t\t<div class=\"elementor-element elementor-element-fd5efdf elementor-widget elementor-widget-heading\" data-id=\"fd5efdf\" data-element_type=\"widget\" data-e-type=\"widget\" data-widget_type=\"heading.default\">\n\t\t\t\t\t<h2 class=\"elementor-heading-title elementor-size-default\">Rozbudowy i modernizacja obiekt\u00f3w przemys\u0142owych<\/h2>\t\t\t\t<\/div>\n\t\t\t\t<div class=\"elementor-element elementor-element-3ef4eb9 elementor-widget elementor-widget-text-editor\" data-id=\"3ef4eb9\" data-element_type=\"widget\" data-e-type=\"widget\" data-widget_type=\"text-editor.default\">\n\t\t\t\t\t\t\t\t\t<div class=\"description\">\n\n<b style=\"font-size: 24px;\">01 <\/b>Rozbudowa hal produkcyjnych \u2013 zwi\u0119kszenie powierzchni i optymalizacja logistyki zak\u0142adu.\n<b style=\"font-size: 24px;\">02 <\/b> Modernizacja przestrzeni dla nowych technologii \u2013 dostosowanie obiektu do automatyzacji i nowoczesnych linii produkcyjnych.\n<b style=\"font-size: 24px;\">03 <\/b> Integracja z istniej\u0105c\u0105 infrastruktur\u0105 \u2013 budowa nowych segment\u00f3w, w tym magazyn\u00f3w, biur i pomieszcze\u0144 socjalnych.\n<b style=\"font-size: 24px;\">04 <\/b> Wykonanie chemoodpornych posadzek przemys\u0142owych.\n\n<\/div>\t\t\t\t\t\t\t\t<\/div>\n\t\t\t\t<\/div>\n\t\t\t\t\t<\/div>\n\t\t\t\t<\/div>\n\t\t<div class=\"elementor-element elementor-element-0eb7b00 e-flex e-con-boxed e-con e-parent\" data-id=\"0eb7b00\" data-element_type=\"container\" data-e-type=\"container\">\n\t\t\t\t\t<div class=\"e-con-inner\">\n\t\t\t\t<div class=\"elementor-element elementor-element-991e2b3 elementor-widget elementor-widget-text-editor\" data-id=\"991e2b3\" data-element_type=\"widget\" data-e-type=\"widget\" data-widget_type=\"text-editor.default\">\n\t\t\t\t\t\t\t\t\t<p class=\"\" data-start=\"0\" data-end=\"915\">Modernizacja i adaptacja zak\u0142ad\u00f3w przemys\u0142owych obejmuje kompleksowe dzia\u0142ania maj\u0105ce na celu dostosowanie obiekt\u00f3w do wymog\u00f3w nowoczesnych proces\u00f3w technologicznych. Przebudowa hal produkcyjnych i magazynowych polega na optymalizacji uk\u0142adu przestrzennego, co umo\u017cliwia efektywniejsze zarz\u0105dzanie procesami w zak\u0142adzie. Wzmacnianie konstrukcji stalowych i betonowych zwi\u0119ksza trwa\u0142o\u015b\u0107 budynk\u00f3w oraz ich odporno\u015b\u0107 na obci\u0105\u017cenia, co ma kluczowe znaczenie dla d\u0142ugoterminowej eksploatacji obiekt\u00f3w.<\/p>\n<p class=\"\" data-start=\"917\" data-end=\"1698\">Rozbudowa i modernizacja obiekt\u00f3w przemys\u0142owych obejmuj\u0105 szereg dzia\u0142a\u0144, takich jak rozbudowa hal produkcyjnych, kt\u00f3ra zwi\u0119ksza powierzchni\u0119 zak\u0142adu oraz poprawia logistyk\u0119 i przep\u0142yw materia\u0142\u00f3w. Modernizacja przestrzeni dla nowych technologii polega na dostosowaniu obiekt\u00f3w do wymaga\u0144 automatyzacji oraz nowoczesnych linii produkcyjnych, co pozwala na zwi\u0119kszenie efektywno\u015bci produkcji. Integracja z istniej\u0105c\u0105 infrastruktur\u0105 pozwala na budow\u0119 nowych segment\u00f3w, takich jak magazyny, biura czy pomieszczenia socjalne, co zwi\u0119ksza funkcjonalno\u015b\u0107 zak\u0142adu. Dodatkowo, wykonanie chemoodpornych posadzek przemys\u0142owych zapewnia odpowiedni\u0105 trwa\u0142o\u015b\u0107 i odporno\u015b\u0107 na substancje chemiczne, co jest istotne w wielu bran\u017cach przemys\u0142owych.<\/p>\t\t\t\t\t\t\t\t<\/div>\n\t\t\t\t\t<\/div>\n\t\t\t\t<\/div>\n\t\t<div class=\"elementor-element elementor-element-390347f e-flex e-con-boxed e-con e-parent\" data-id=\"390347f\" data-element_type=\"container\" data-e-type=\"container\">\n\t\t\t\t\t<div class=\"e-con-inner\">\n\t\t\t\t<div class=\"elementor-element elementor-element-744e1c2 elementor-widget elementor-widget-image\" data-id=\"744e1c2\" data-element_type=\"widget\" data-e-type=\"widget\" data-widget_type=\"image.default\">\n\t\t\t\t\t\t\t\t\t\t\t\t\t\t\t<img fetchpriority=\"high\" decoding=\"async\" width=\"1920\" height=\"553\" src=\"https:\/\/twojpreview.pl\/wp-content\/uploads\/2026\/04\/o-firmie-img-2-1.jpg\" class=\"attachment-full size-full wp-image-338\" alt=\"Modernizacje i przebudowy zak\u0142ad\u00f3w przemys\u0142owych\" srcset=\"https:\/\/twojpreview.pl\/wp-content\/uploads\/2026\/04\/o-firmie-img-2-1.jpg 1920w, https:\/\/twojpreview.pl\/wp-content\/uploads\/2026\/04\/o-firmie-img-2-1-300x86.jpg 300w, https:\/\/twojpreview.pl\/wp-content\/uploads\/2026\/04\/o-firmie-img-2-1-1024x295.jpg 1024w, https:\/\/twojpreview.pl\/wp-content\/uploads\/2026\/04\/o-firmie-img-2-1-768x221.jpg 768w, https:\/\/twojpreview.pl\/wp-content\/uploads\/2026\/04\/o-firmie-img-2-1-1536x442.jpg 1536w\" sizes=\"(max-width: 1920px) 100vw, 1920px\" \/>\t\t\t\t\t\t\t\t\t\t\t\t\t\t\t<\/div>\n\t\t\t\t\t<\/div>\n\t\t\t\t<\/div>\n\t\t\t\t<\/div>\n\t\t","protected":false},"excerpt":{"rendered":"<p>W Omega Eko-Tech realizujemy kompleksowe modernizacje i przebudowy zak\u0142ad\u00f3w przemys\u0142owych, dostosowuj\u0105c je do najnowszych standard\u00f3w technologicznych i efektywno\u015bci energetycznej. Nasze [&hellip;]<\/p>\n","protected":false},"author":1,"featured_media":0,"parent":0,"menu_order":0,"comment_status":"closed","ping_status":"closed","template":"","meta":{"site-sidebar-layout":"no-sidebar","site-content-layout":"","ast-site-content-layout":"full-width-container","site-content-style":"default","site-sidebar-style":"default","ast-global-header-display":"","ast-banner-title-visibility":"","ast-main-header-display":"","ast-hfb-above-header-display":"","ast-hfb-below-header-display":"","ast-hfb-mobile-header-display":"","site-post-title":"","ast-breadcrumbs-content":"","ast-featured-img":"disabled","footer-sml-layout":"","ast-disable-related-posts":"","theme-transparent-header-meta":"","adv-header-id-meta":"","stick-header-meta":"","header-above-stick-meta":"","header-main-stick-meta":"","header-below-stick-meta":"","astra-migrate-meta-layouts":"default","ast-page-background-enabled":"default","ast-page-background-meta":{"desktop":{"background-color":"var(--ast-global-color-5)","background-image":"","background-repeat":"repeat","background-position":"center center","background-size":"auto","background-attachment":"scroll","background-type":"","background-media":"","overlay-type":"","overlay-color":"","overlay-opacity":"","overlay-gradient":""},"tablet":{"background-color":"","background-image":"","background-repeat":"repeat","background-position":"center center","background-size":"auto","background-attachment":"scroll","background-type":"","background-media":"","overlay-type":"","overlay-color":"","overlay-opacity":"","overlay-gradient":""},"mobile":{"background-color":"","background-image":"","background-repeat":"repeat","background-position":"center center","background-size":"auto","background-attachment":"scroll","background-type":"","background-media":"","overlay-type":"","overlay-color":"","overlay-opacity":"","overlay-gradient":""}},"ast-content-background-meta":{"desktop":{"background-color":"var(--ast-global-color-4)","background-image":"","background-repeat":"repeat","background-position":"center center","background-size":"auto","background-attachment":"scroll","background-type":"","background-media":"","overlay-type":"","overlay-color":"","overlay-opacity":"","overlay-gradient":""},"tablet":{"background-color":"var(--ast-global-color-4)","background-image":"","background-repeat":"repeat","background-position":"center center","background-size":"auto","background-attachment":"scroll","background-type":"","background-media":"","overlay-type":"","overlay-color":"","overlay-opacity":"","overlay-gradient":""},"mobile":{"background-color":"var(--ast-global-color-4)","background-image":"","background-repeat":"repeat","background-position":"center center","background-size":"auto","background-attachment":"scroll","background-type":"","background-media":"","overlay-type":"","overlay-color":"","overlay-opacity":"","overlay-gradient":""}},"footnotes":""},"class_list":["post-99","page","type-page","status-publish","hentry"],"_links":{"self":[{"href":"https:\/\/twojpreview.pl\/index.php?rest_route=\/wp\/v2\/pages\/99","targetHints":{"allow":["GET"]}}],"collection":[{"href":"https:\/\/twojpreview.pl\/index.php?rest_route=\/wp\/v2\/pages"}],"about":[{"href":"https:\/\/twojpreview.pl\/index.php?rest_route=\/wp\/v2\/types\/page"}],"author":[{"embeddable":true,"href":"https:\/\/twojpreview.pl\/index.php?rest_route=\/wp\/v2\/users\/1"}],"replies":[{"embeddable":true,"href":"https:\/\/twojpreview.pl\/index.php?rest_route=%2Fwp%2Fv2%2Fcomments&post=99"}],"version-history":[{"count":13,"href":"https:\/\/twojpreview.pl\/index.php?rest_route=\/wp\/v2\/pages\/99\/revisions"}],"predecessor-version":[{"id":341,"href":"https:\/\/twojpreview.pl\/index.php?rest_route=\/wp\/v2\/pages\/99\/revisions\/341"}],"wp:attachment":[{"href":"https:\/\/twojpreview.pl\/index.php?rest_route=%2Fwp%2Fv2%2Fmedia&parent=99"}],"curies":[{"name":"wp","href":"https:\/\/api.w.org\/{rel}","templated":true}]}}